{"id":8041,"date":"2020-04-07T13:58:31","date_gmt":"2020-04-07T12:58:31","guid":{"rendered":"https:\/\/dermaler.programmierbude.com\/index.php\/about\/"},"modified":"2026-04-09T14:20:03","modified_gmt":"2026-04-09T14:20:03","slug":"ueber-uns","status":"publish","type":"page","link":"https:\/\/dermaler.programmierbude.com\/index.php\/ueber-uns\/","title":{"rendered":"\u00dcber uns"},"content":{"rendered":"\t\t<div data-elementor-type=\"wp-page\" data-elementor-id=\"8041\" class=\"elementor elementor-8041\" data-elementor-post-type=\"page\">\n\t\t\t\t\t\t<section class=\"elementor-section elementor-top-section elementor-element elementor-element-65b714f elementor-reverse-tablet elementor-reverse-mobile elementor-section-boxed elementor-section-height-default elementor-section-height-default\" data-id=\"65b714f\" data-element_type=\"section\" data-e-type=\"section\">\n\t\t\t\t\t\t<div class=\"elementor-container elementor-column-gap-wider\">\n\t\t\t\t\t<div class=\"elementor-column elementor-col-50 elementor-top-column elementor-element elementor-element-f873a23\" data-id=\"f873a23\" data-element_type=\"column\" data-e-type=\"column\">\n\t\t\t<div class=\"elementor-widget-wrap elementor-element-populated\">\n\t\t\t\t\t\t<div class=\"elementor-element elementor-element-1fb5515 elementor-widget elementor-widget-heading\" data-id=\"1fb5515\" data-element_type=\"widget\" data-e-type=\"widget\" data-widget_type=\"heading.default\">\n\t\t\t\t\t<h3 class=\"elementor-heading-title elementor-size-default\">Qualit\u00e4t &amp; Zuverl\u00e4ssigkeit \u2013 Ihr Malerbetrieb mit Leidenschaft<\/h3>\t\t\t\t<\/div>\n\t\t\t\t<div class=\"elementor-element elementor-element-fa09afb elementor-widget elementor-widget-spacer\" data-id=\"fa09afb\" data-element_type=\"widget\" data-e-type=\"widget\" data-widget_type=\"spacer.default\">\n\t\t\t\t\t\t\t<div class=\"elementor-spacer\">\n\t\t\t<div class=\"elementor-spacer-inner\"><\/div>\n\t\t<\/div>\n\t\t\t\t\t\t<\/div>\n\t\t\t\t<div class=\"elementor-element elementor-element-c499a2f elementor-widget elementor-widget-text-editor\" data-id=\"c499a2f\" data-element_type=\"widget\" data-e-type=\"widget\" data-widget_type=\"text-editor.default\">\n\t\t\t\t\t\t\t\t\t<p>Willkommen bei <strong>Der Maler<\/strong> \u2013 Ihrem erfahrenen Partner rund ums Handwerk. Mit einem breiten Leistungsspektrum aus Maler- und Tapezierarbeiten, Holz- und Bautenschutz, Fassadengestaltung, Trockenbau sowie Bodenverlegearbeiten bieten wir Ihnen alles aus einer Hand.<\/p><p>F\u00fcr uns steht Qualit\u00e4t an erster Stelle: Wir arbeiten sorgf\u00e4ltig, zuverl\u00e4ssig und ausschlie\u00dflich mit Materialien namhafter Markenhersteller \u2013 damit Sie lange Freude an unserem Werk haben.<\/p>\t\t\t\t\t\t\t\t<\/div>\n\t\t\t\t\t<\/div>\n\t\t<\/div>\n\t\t\t\t<div class=\"elementor-column elementor-col-50 elementor-top-column elementor-element elementor-element-da29468\" data-id=\"da29468\" data-element_type=\"column\" data-e-type=\"column\">\n\t\t\t<div class=\"elementor-widget-wrap elementor-element-populated\">\n\t\t\t\t\t\t<div class=\"elementor-element elementor-element-37fec09 elementor-widget elementor-widget-video\" data-id=\"37fec09\" data-element_type=\"widget\" data-e-type=\"widget\" data-settings=\"{&quot;video_type&quot;:&quot;hosted&quot;,&quot;start&quot;:0,&quot;controls&quot;:&quot;yes&quot;}\" data-widget_type=\"video.default\">\n\t\t\t\t\t\t\t<div class=\"e-hosted-video elementor-wrapper elementor-open-inline\">\n\t\t\t\t\t<video class=\"elementor-video\" src=\"https:\/\/dermaler.programmierbude.com\/wp-content\/uploads\/2026\/04\/seurig-UF.mp4\" controls=\"\" preload=\"metadata\" controlsList=\"nodownload\"><\/video>\n\t\t\t\t<\/div>\n\t\t\t\t\t\t<\/div>\n\t\t\t\t\t<\/div>\n\t\t<\/div>\n\t\t\t\t\t<\/div>\n\t\t<\/section>\n\t\t\t\t<\/div>\n\t\t","protected":false},"excerpt":{"rendered":"<p>Qualit\u00e4t &amp; Zuverl\u00e4ssigkeit \u2013 Ihr Malerbetrieb mit Leidenschaft Willkommen bei Der Maler \u2013 Ihrem erfahrenen Partner rund ums Handwerk. Mit einem breiten Leistungsspektrum aus Maler- und Tapezierarbeiten, Holz- und Bautenschutz, Fassadengestaltung, Trockenbau sowie Bodenverlegearbeiten bieten wir Ihnen alles aus einer Hand. F\u00fcr uns steht Qualit\u00e4t an erster Stelle: Wir arbeiten sorgf\u00e4ltig, zuverl\u00e4ssig und ausschlie\u00dflich mit&hellip;<\/p>\n","protected":false},"author":2,"featured_media":0,"parent":0,"menu_order":4,"comment_status":"closed","ping_status":"closed","template":"","meta":{"footnotes":""},"class_list":["post-8041","page","type-page","status-publish","hentry"],"_links":{"self":[{"href":"https:\/\/dermaler.programmierbude.com\/index.php\/wp-json\/wp\/v2\/pages\/8041","targetHints":{"allow":["GET"]}}],"collection":[{"href":"https:\/\/dermaler.programmierbude.com\/index.php\/wp-json\/wp\/v2\/pages"}],"about":[{"href":"https:\/\/dermaler.programmierbude.com\/index.php\/wp-json\/wp\/v2\/types\/page"}],"author":[{"embeddable":true,"href":"https:\/\/dermaler.programmierbude.com\/index.php\/wp-json\/wp\/v2\/users\/2"}],"replies":[{"embeddable":true,"href":"https:\/\/dermaler.programmierbude.com\/index.php\/wp-json\/wp\/v2\/comments?post=8041"}],"version-history":[{"count":7,"href":"https:\/\/dermaler.programmierbude.com\/index.php\/wp-json\/wp\/v2\/pages\/8041\/revisions"}],"predecessor-version":[{"id":12211,"href":"https:\/\/dermaler.programmierbude.com\/index.php\/wp-json\/wp\/v2\/pages\/8041\/revisions\/12211"}],"wp:attachment":[{"href":"https:\/\/dermaler.programmierbude.com\/index.php\/wp-json\/wp\/v2\/media?parent=8041"}],"curies":[{"name":"wp","href":"https:\/\/api.w.org\/{rel}","templated":true}]}}